{"id":7,"date":"2015-05-16T23:03:04","date_gmt":"2015-05-16T23:03:04","guid":{"rendered":"http:\/\/wrongbits.wordpress.com\/?page_id=1"},"modified":"2025-11-07T19:07:06","modified_gmt":"2025-11-07T22:07:06","slug":"sobre","status":"publish","type":"page","link":"https:\/\/mechamorafa.com\/blog\/sobre\/","title":{"rendered":"Sobre"},"content":{"rendered":"<div id=\"attachment_305\" style=\"width: 160px\" class=\"wp-caption alignright\"><a href=\"https:\/\/i0.wp.com\/mechamorafa.com\/blog\/wp-content\/uploads\/2025\/10\/my-notion-face-transparent.png?ssl=1\"><img data-recalc-dims=\"1\" loading=\"lazy\" decoding=\"async\" aria-describedby=\"caption-attachment-305\" class=\"size-thumbnail wp-image-305\" src=\"https:\/\/i0.wp.com\/mechamorafa.com\/blog\/wp-content\/uploads\/2025\/10\/my-notion-face-transparent.png?resize=150%2C150&#038;ssl=1\" alt=\"\" width=\"150\" height=\"150\" srcset=\"https:\/\/i0.wp.com\/mechamorafa.com\/blog\/wp-content\/uploads\/2025\/10\/my-notion-face-transparent.png?resize=150%2C150&amp;ssl=1 150w, https:\/\/i0.wp.com\/mechamorafa.com\/blog\/wp-content\/uploads\/2025\/10\/my-notion-face-transparent.png?resize=300%2C300&amp;ssl=1 300w, https:\/\/i0.wp.com\/mechamorafa.com\/blog\/wp-content\/uploads\/2025\/10\/my-notion-face-transparent.png?resize=1024%2C1024&amp;ssl=1 1024w, https:\/\/i0.wp.com\/mechamorafa.com\/blog\/wp-content\/uploads\/2025\/10\/my-notion-face-transparent.png?resize=768%2C768&amp;ssl=1 768w, https:\/\/i0.wp.com\/mechamorafa.com\/blog\/wp-content\/uploads\/2025\/10\/my-notion-face-transparent.png?resize=1536%2C1536&amp;ssl=1 1536w, https:\/\/i0.wp.com\/mechamorafa.com\/blog\/wp-content\/uploads\/2025\/10\/my-notion-face-transparent.png?resize=2048%2C2048&amp;ssl=1 2048w\" sizes=\"auto, (max-width: 150px) 100vw, 150px\" \/><\/a><p id=\"caption-attachment-305\" class=\"wp-caption-text\">@mechamorafa<\/p><\/div>\n<p>Ol\u00e1, me chamo Juliano <strong>Rafael Ramos<\/strong>, tenho trinta e <del>poucos<\/del> muitos anos e estou na internet h\u00e1 mais tempo do que voc\u00ea imagina. Com oito anos fiz meu primeiro curso de &#8220;inform\u00e1tica&#8221;, com doze j\u00e1 brincava com basic e, com treze, resolvi come\u00e7ar um site para ajudar as pessoas com problemas t\u00e9cnicos nos seus microcomputadores.<\/p>\n<p>Desenvolvi d\u00fazias de sites e, por muito tempo, trabalhei com isso, enquanto escrevia em dezenas de blogs. Muitos eram meus, outros fui convidado e, por \u00faltimo, contratado como redator. Eu acompanhei a WEB 2.0 engatinhar, eu vi o HTML mudar de forma, eu vi de perto o nascimento e a morte do Flash e, tamb\u00e9m, conheci muita gente bacana que produz conte\u00fado para esta amada rede.<\/p>\n<p>Um dos motivos que me levaram a criar mais um blog \u00e9 a minha vida. Eu preciso disso pra viver. Eu preciso me expressar em algum lugar pra me entender com os meus pr\u00f3prios problemas.<\/p>\n<p>Existem textos meus perambulando em v\u00e1rios portais e blogs por a\u00ed. Tamb\u00e9m em servi\u00e7os como o <a href=\"https:\/\/medium.com\/@mechamorafa\" target=\"_blank\" rel=\"noopener noreferrer\">Medium<\/a>. Isso \u00e9 bom, mas \u00e9 ruim. Me incomoda muito n\u00e3o ter um lugar onde eu concentre todos os meus textos mais importantes (para mim).<\/p>\n<p>Ent\u00e3o este aqui, simples e sem firulas, ser\u00e1 o meu companheiro nessa jornada.<\/p>\n<p>Se gostar, segue a\u00ed, assine o feed etc. Sabe onde <a href=\"https:\/\/mechamorafa.com\/blog\/acompanhe\">me encontrar!<\/a><\/p>\n<h2>O que eu uso?<\/h2>\n<p><strong>Hardware:<\/strong><\/p>\n<ul>\n<li><a href=\"https:\/\/www.amazon.com.br\/2022-Apple-MacBook-laptop-chip\/dp\/B0DLJG5Z63\/\">Macbook Pro M2<\/a> &#8211; <strong>Uso pessoal<\/strong>.<\/li>\n<li><a href=\"https:\/\/www.lenovo.com\/pt\/pt\/p\/laptops\/thinkpad\/thinkpadt\/thinkpad-t470\/22tp2tt4700\">Lenovo Thinkpad T470<\/a> com Arch Linux + Hyprland &#8211; <strong>Projetos<\/strong>.\n<ul>\n<li>Mouse + Teclado Logitech MK345.<\/li>\n<li>Monitor Samsung Odyssey G5 34&#8243;.<\/li>\n<\/ul>\n<\/li>\n<li>Desktop Ryzen 7 + RTX 3060 com Windows 11 &#8211; <strong>Todo o resto.<\/strong>\n<ul>\n<li>Teclado HyperX Alloy FPS Pro<\/li>\n<li>Mouse HyperX Pulsefire Raid<\/li>\n<li>Headset HyperX Cloud Revolver S<\/li>\n<\/ul>\n<\/li>\n<li>iPhone 16 Plus.<\/li>\n<li>Kindle Paperwhite de d\u00e9cima gera\u00e7\u00e3o. (suporte acaba em 2025 :().<\/li>\n<\/ul>\n<p><strong>Software:<\/strong><\/p>\n<ul>\n<li><a href=\"https:\/\/tana.inc\/\">Tana<\/a> &#8211; Pra manter meus pensamentos organizados<\/li>\n<li><a href=\"https:\/\/www.vim.org\/\">Vim<\/a> &#8211; Editor de texto puro<\/li>\n<li><a href=\"https:\/\/code.visualstudio.com\/\">VSCODE<\/a> &#8211; IDE.<\/li>\n<li><a href=\"https:\/\/www.java.com\/en\/\">Java<\/a>, <a href=\"https:\/\/www.php.net\/\">Php<\/a> e <a href=\"https:\/\/www.python.org\/\">Python<\/a> &#8211; Linguagens de programa\u00e7\u00e3o principais.<\/li>\n<li><a href=\"https:\/\/obsidian.md\/\">Obsidian<\/a> &#8211; Para documenta\u00e7\u00e3o t\u00e9cnica.<\/li>\n<li><a href=\"https:\/\/www.wrike.com\/\">Wrike<\/a> &#8211; Gest\u00e3o de projetos.<\/li>\n<\/ul>\n<p><strong>Servi\u00e7os:<\/strong><\/p>\n<ul>\n<li><a href=\"https:\/\/www.apple.com\/br\/apple-one\/\">Apple One<\/a> &#8211; Backup.<\/li>\n<li><a href=\"https:\/\/proton.me\/mail\">Proton Mail<\/a> &#8211; Servi\u00e7o de e-mail criptografado.<\/li>\n<\/ul>\n<p>&nbsp;<\/p>\n<h2>Hist\u00f3rico acad\u00eamico:<\/h2>\n<ul>\n<li>Forma\u00e7\u00e3o em <strong>Gest\u00e3o de TI<\/strong>, <strong>Sistemas de Informa\u00e7\u00e3o<\/strong> e <strong>Processos Gerenciais<\/strong>.<\/li>\n<li>Especializa\u00e7\u00e3o em <strong>Tecnologia para Neg\u00f3cios: AI, Data Science e Big Data.<\/strong><\/li>\n<li>Especializa\u00e7\u00e3o em <strong>Comunica\u00e7\u00e3o, Lideran\u00e7a e Gest\u00e3o de Pessoas.\u00a0<\/strong><\/li>\n<li>MBA em <strong>Controladoria, Estrat\u00e9gia Financeira e Fiscal.\u00a0<\/strong><\/li>\n<\/ul>\n","protected":false},"excerpt":{"rendered":"<p>Ol\u00e1, me chamo Juliano Rafael Ramos, tenho trinta e poucos muitos anos e estou na internet h\u00e1 mais tempo do que voc\u00ea imagina. Com oito anos fiz meu primeiro curso de &#8220;inform\u00e1tica&#8221;, com doze j\u00e1 brincava com basic e, com treze, resolvi come\u00e7ar um site para ajudar as pessoas com problemas t\u00e9cnicos nos seus microcomputadores.\u2026 <a href=\"https:\/\/mechamorafa.com\/blog\/sobre\/\" class=\"read-more\">Ler tudo<\/a><\/p>\n","protected":false},"author":1,"featured_media":0,"parent":0,"menu_order":0,"comment_status":"open","ping_status":"open","template":"","meta":{"footnotes":""},"class_list":["post-7","page","type-page","status-publish","hentry"],"jetpack_sharing_enabled":true,"_links":{"self":[{"href":"https:\/\/mechamorafa.com\/blog\/wp-json\/wp\/v2\/pages\/7","targetHints":{"allow":["GET"]}}],"collection":[{"href":"https:\/\/mechamorafa.com\/blog\/wp-json\/wp\/v2\/pages"}],"about":[{"href":"https:\/\/mechamorafa.com\/blog\/wp-json\/wp\/v2\/types\/page"}],"author":[{"embeddable":true,"href":"https:\/\/mechamorafa.com\/blog\/wp-json\/wp\/v2\/users\/1"}],"replies":[{"embeddable":true,"href":"https:\/\/mechamorafa.com\/blog\/wp-json\/wp\/v2\/comments?post=7"}],"version-history":[{"count":9,"href":"https:\/\/mechamorafa.com\/blog\/wp-json\/wp\/v2\/pages\/7\/revisions"}],"predecessor-version":[{"id":375,"href":"https:\/\/mechamorafa.com\/blog\/wp-json\/wp\/v2\/pages\/7\/revisions\/375"}],"wp:attachment":[{"href":"https:\/\/mechamorafa.com\/blog\/wp-json\/wp\/v2\/media?parent=7"}],"curies":[{"name":"wp","href":"https:\/\/api.w.org\/{rel}","templated":true}]}}