{"id":155,"date":"2020-01-02T00:58:56","date_gmt":"2020-01-02T00:58:56","guid":{"rendered":"https:\/\/mechamorafa.com\/blog\/?page_id=155"},"modified":"2020-01-02T00:58:56","modified_gmt":"2020-01-02T00:58:56","slug":"acompanhe","status":"publish","type":"page","link":"https:\/\/mechamorafa.com\/blog\/acompanhe\/","title":{"rendered":"Acompanhe"},"content":{"rendered":"<p>Se voc\u00ea quer ficar sabendo sempre que um texto novo for publicado por aqui, utilize alguma das op\u00e7\u00f5es abaixo. (Ou todas :))<\/p>\n<h2>Assine o Feed<\/h2>\n<p>Se voc\u00ea utiliza um agregador de feeds, adicione o endere\u00e7o abaixo:<br \/>\n<strong>https:\/\/mechamorafa.com\/blog\/feed\/<\/strong><\/p>\n<h2>Assine por e-mail<\/h2>\n<p>Voc\u00ea pode utilizar o formul\u00e1rio no rodap\u00e9 para assinar as postagens por e-mail, assim, sempre que um texto novo for publicado, ir\u00e1 diretamente para a sua caixa de entrada.<\/p>\n<h2>Siga nas redes sociais<\/h2>\n<p>Voc\u00ea pode seguir no <a href=\"http:\/\/twitter.com\/mechamorafa\" rel=\"noopener noreferrer\" target=\"_blank\"><strong>@Twitter<\/strong><\/a>, <a href=\"http:\/\/instagram.com\/mechamorafa\" rel=\"noopener noreferrer\" target=\"_blank\"><strong>@Instagram<\/strong><\/a> e <a href=\"http:\/\/facebook.com\/mechamorafa\" rel=\"noopener noreferrer\" target=\"_blank\"><strong>@Facebook<\/strong><\/a>. Sempre publico o link da \u00faltima postagem nestas redes. <\/p>\n","protected":false},"excerpt":{"rendered":"<p>Se voc\u00ea quer ficar sabendo sempre que um texto novo for publicado por aqui, utilize alguma das op\u00e7\u00f5es abaixo. (Ou todas :)) Assine o Feed Se voc\u00ea utiliza um agregador de feeds, adicione o endere\u00e7o abaixo: https:\/\/mechamorafa.com\/blog\/feed\/ Assine por e-mail Voc\u00ea pode utilizar o formul\u00e1rio no rodap\u00e9 para assinar as postagens por e-mail, assim, sempre\u2026 <a href=\"https:\/\/mechamorafa.com\/blog\/acompanhe\/\" class=\"read-more\">Ler tudo<\/a><\/p>\n","protected":false},"author":1,"featured_media":0,"parent":0,"menu_order":0,"comment_status":"closed","ping_status":"closed","template":"","meta":{"footnotes":""},"class_list":["post-155","page","type-page","status-publish","hentry"],"jetpack_sharing_enabled":true,"_links":{"self":[{"href":"https:\/\/mechamorafa.com\/blog\/wp-json\/wp\/v2\/pages\/155","targetHints":{"allow":["GET"]}}],"collection":[{"href":"https:\/\/mechamorafa.com\/blog\/wp-json\/wp\/v2\/pages"}],"about":[{"href":"https:\/\/mechamorafa.com\/blog\/wp-json\/wp\/v2\/types\/page"}],"author":[{"embeddable":true,"href":"https:\/\/mechamorafa.com\/blog\/wp-json\/wp\/v2\/users\/1"}],"replies":[{"embeddable":true,"href":"https:\/\/mechamorafa.com\/blog\/wp-json\/wp\/v2\/comments?post=155"}],"version-history":[{"count":0,"href":"https:\/\/mechamorafa.com\/blog\/wp-json\/wp\/v2\/pages\/155\/revisions"}],"wp:attachment":[{"href":"https:\/\/mechamorafa.com\/blog\/wp-json\/wp\/v2\/media?parent=155"}],"curies":[{"name":"wp","href":"https:\/\/api.w.org\/{rel}","templated":true}]}}